{"id":7,"date":"2020-09-15T20:34:27","date_gmt":"2020-09-15T20:34:27","guid":{"rendered":"https:\/\/www.alddr.ch\/site-alddr\/about\/"},"modified":"2025-06-22T12:15:27","modified_gmt":"2025-06-22T12:15:27","slug":"about","status":"publish","type":"page","link":"https:\/\/www.alddr.ch\/site-alddr\/?page_id=7","title":{"rendered":"Statuts &#038; organisation"},"content":{"rendered":"<p><strong>Art. 1<\/strong> L&rsquo;association des amis et anciens \u00e9l\u00e8ves du Lyc\u00e9e Denis-de-Rougemont de Neuch\u00e2tel, (anciennement Association des Anciens \u00e9l\u00e8ves du Gymnase cantonal de Neuch\u00e2tel, AAEG) est une association au sens des articles 60 et suivants du Code civil.<br \/>\nElle a son si\u00e8ge \u00e0 Neuch\u00e2tel. Sa dur\u00e9e est ind\u00e9termin\u00e9e.<br \/>\n<strong>Art. 2<\/strong> L&rsquo;association a pour but :<br \/>\n\u2022 d&rsquo;encourager chez les \u00e9l\u00e8ves du Lyc\u00e9e, par des prix ou de tout autre mani\u00e8re, l&rsquo;esprit de recherche, l&rsquo;effort personnel ou le d\u00e9veloppement de leurs talents ;<br \/>\n\u2022 d&rsquo;enrichir la biblioth\u00e8que, la m\u00e9diath\u00e8que, et les collections du Lyc\u00e9e, et d&rsquo;une mani\u00e8re g\u00e9n\u00e9rale son \u00e9quipement ;<br \/>\n\u2022 de favoriser les activit\u00e9s culturelles et artistiques ainsi que les voyages d&rsquo;\u00e9tudes;<br \/>\n\u2022 d&rsquo;\u00eatre un lieu d&rsquo;\u00e9changes entre le Lyc\u00e9e, ses anciens \u00e9l\u00e8ves et toute personne int\u00e9ress\u00e9e par ses buts (professeurs anciens ou en charge, parents, notamment).<br \/>\n<strong>Art. 3<\/strong> Tous les anciens \u00e9l\u00e8ves de l&rsquo;\u00e9cole et toute personne int\u00e9ress\u00e9e peuvent faire partie de l&rsquo;association s&rsquo;ils en font la demande et s&rsquo;ils adh\u00e8rent aux pr\u00e9sents statuts.<br \/>\n<strong>Art. 4<\/strong> Les membres de l&rsquo;association paient une cotisation annuelle, fix\u00e9e par l&rsquo;assembl\u00e9e g\u00e9n\u00e9rale.<br \/>\nLes cotisations constituent les ressources de l&rsquo;association. Celle-ci peut recevoir des dons ou des legs.<br \/>\n<strong>Art. 5<\/strong> L&rsquo;association est dirig\u00e9e par un comit\u00e9 de cinq membres au moins, \u00e9lus par l&rsquo;assembl\u00e9e g\u00e9n\u00e9rale pour une p\u00e9riode de trois ans. Ils sont r\u00e9\u00e9ligibles.<br \/>\nLe Comit\u00e9 a les pouvoirs les plus \u00e9tendus pour la gestion des affaires de l&rsquo;association et la r\u00e9alisation de ses buts.<br \/>\n<strong>Art. 6<\/strong> L&rsquo;assembl\u00e9e g\u00e9n\u00e9rale se r\u00e9unit tous les ans. Elle nomme le Comit\u00e9 et deux v\u00e9rificateurs de comptes ; elle se prononce sur les comptes et la gestion, fixe les cotisations et prend toutes les d\u00e9cisions qui lui sont imp\u00e9rativement r\u00e9serv\u00e9es par la loi.<br \/>\n<strong>Art. 7<\/strong> La qualit\u00e9 de membre se perd par la d\u00e9mission, le d\u00e9c\u00e8s ou le non paiement de la cotisation, apr\u00e8s sommation \u00e9crite.<br \/>\n<strong>Art. 8<\/strong> Pour le surplus, il est fait application des articles 60 et suivants du Code civil suisse.<\/p>\n<p><strong>Comit\u00e9 de l\u2019Association<\/strong><br \/>\nChristian BERGER, Colombier, pr\u00e9sident<br \/>\nEvelyne BERGER, Colombier<br \/>\nRachel BOUILLE, Auvernier<br \/>\nJacques BOUVIER, Neuch\u00e2tel<br \/>\nAntoine DE MONTMOLLIN, Neuch\u00e2tel<br \/>\nCaroline GUEISSAZ, Neuch\u00e2tel, tr\u00e9sori\u00e8re<br \/>\nChristine HALLER, Peseux<br \/>\nRobert MICHEL, Neuch\u00e2tel, responsable du site Internet<br \/>\nFran\u00e7ois SIGRIST, Crans-Montana<br \/>\nStephan BUCHER, directeur adjoint du LDDR<br \/>\nYvan AMEY, directeur du LDDR<br \/>\nSimon STOECKLI, Marin-\u00c9pagnier, pr\u00e9sident de la Fondation<\/p>\n<p><strong>Statuts de la Fondation (extraits)<\/strong><br \/>\nSous la d\u00e9nomination de \u00ab Fondation de l\u2019association des amis et anciens \u00e9l\u00e8ves du Lyc\u00e9e Denis-de-Rougemont \u00bb, il existe une fondation qui sera r\u00e9gie par les pr\u00e9sents statuts et les articles 80 et suivants du Code civil suisse (article premier).<br \/>\nLe si\u00e8ge de la fondation est \u00e0 Neuch\u00e2tel (art. 2). (Sa) dur\u00e9e est ind\u00e9termin\u00e9e (art. 3). (Elle) est inscrite au Registre du commerce (art. 4).<br \/>\nLa fondation a pour but de mettre \u00e0 disposition de l\u2019association des amis et anciens \u00e9l\u00e8ves du Lyc\u00e9e Denis-de-Rougemont les fonds n\u00e9cessaires \u00e0 la r\u00e9alisation de ses buts et en particulier :<br \/>\n1. fournir des prestations p\u00e9cuniaires permettant l\u2019enrichissement de la biblioth\u00e8que, des moyens audiovisuels, des collections et d\u2019autres \u00e9quipements ou dotations analogues, au Lyc\u00e9e-Denis-de-Rougemont, au profit des b\u00e9n\u00e9ficiaires pr\u00e9vus au pr\u00e9sent article,<br \/>\n2. fournir des prestations p\u00e9cuniaires permettant l\u2019organisation en faveur des \u00e9l\u00e8ves du Lyc\u00e9e Denis-de-Rougemont, d\u2019activit\u00e9s culturelles de tous ordres en Suisse et \u00e0 l\u2019\u00e9tranger, telles que notamment, voyages d\u2019\u00e9tudes, visites d\u2019expositions, participation \u00e0 toute manifestation artistique ou intellectuelle.<br \/>\nLes b\u00e9n\u00e9ficiaires des prestations de la fondation sont les \u00e9l\u00e8ves r\u00e9guli\u00e8rement inscrits, comme tels, au Lyc\u00e9e Denis-de-Rougemont (\u2026) (art. 6).<br \/>\nLes ressources de la fondation sont constitu\u00e9es par :<br \/>\n1. le capital de dotation,<br \/>\n2. le produit de la fortune de la fondation,<br \/>\n3. les contributions \u00e9ventuelles de l\u2019association des amis et anciens \u00e9l\u00e8ves du Lyc\u00e9e Denis-de-Rougemont,<br \/>\n4. les dons et legs,<br \/>\n5. le produit de la souscription aupr\u00e8s des membres de l\u2019Association des anciens El\u00e8ves du gymnase cantonal de Neuch\u00e2tel lors de la constitution de la fondation,<br \/>\n6. toutes contributions individuelles ou collectives,<br \/>\n7. tous autres moyens que le Conseil de fondation pourrait juger n\u00e9cessaires.<br \/>\nLes biens de la fondation sont s\u00e9par\u00e9s et ses comptes sont tenus de mani\u00e8re distincte de ceux de l\u2019association des amis et anciens \u00e9l\u00e8ves du Lyc\u00e9e Denis-de-Rougemont (\u2026) (art. 8).<br \/>\nLe seul organe de la fondation est le Conseil de fondation. (\u2026) (Il) est nomm\u00e9 par le Comit\u00e9 de l\u2019association des amis et anciens \u00e9l\u00e8ves du Lyc\u00e9e Denis-de-Rougemont (\u2026) (art. 9).<\/p>\n<p>21 novembre 1974, r\u00e9vision 29 mars 2012<\/p>\n<p><strong>Conseil de fondation<\/strong><br \/>\nSimon STOECKLI, Marin-\u00c9pagnier, pr\u00e9sident<br \/>\nSylvie NAUDY, Founex, tr\u00e9sori\u00e8re<br \/>\nPascal HELLE, Neuch\u00e2tel<br \/>\nNando LUGINB\u00dcHL, Neuch\u00e2tel<br \/>\nStephan BUCHER, directeur adjoint du LDDR<br \/>\nYvan AMEY, directeur du LDDR<br \/>\nChristian BERGER, Colombier, pr\u00e9sident de l\u2019Association<\/p>\n","protected":false},"excerpt":{"rendered":"<p>Art. 1 L&rsquo;association des amis et anciens \u00e9l\u00e8ves du Lyc\u00e9e Denis-de-Rougemont de Neuch\u00e2tel, (anciennement Association des Anciens \u00e9l\u00e8ves du Gymnase cantonal de Neuch\u00e2tel, AAEG) est une association au sens des articles 60 et suivants du Code civil. Elle a son si\u00e8ge \u00e0 Neuch\u00e2tel. Sa dur\u00e9e est ind\u00e9termin\u00e9e. Art. 2 L&rsquo;association a pour but : \u2022 [&hellip;]<\/p>\n","protected":false},"author":1,"featured_media":0,"parent":0,"menu_order":3,"comment_status":"closed","ping_status":"closed","template":"","meta":{"footnotes":""},"class_list":["post-7","page","type-page","status-publish","hentry"],"_links":{"self":[{"href":"https:\/\/www.alddr.ch\/site-alddr\/index.php?rest_route=\/wp\/v2\/pages\/7","targetHints":{"allow":["GET"]}}],"collection":[{"href":"https:\/\/www.alddr.ch\/site-alddr\/index.php?rest_route=\/wp\/v2\/pages"}],"about":[{"href":"https:\/\/www.alddr.ch\/site-alddr\/index.php?rest_route=\/wp\/v2\/types\/page"}],"author":[{"embeddable":true,"href":"https:\/\/www.alddr.ch\/site-alddr\/index.php?rest_route=\/wp\/v2\/users\/1"}],"replies":[{"embeddable":true,"href":"https:\/\/www.alddr.ch\/site-alddr\/index.php?rest_route=%2Fwp%2Fv2%2Fcomments&post=7"}],"version-history":[{"count":14,"href":"https:\/\/www.alddr.ch\/site-alddr\/index.php?rest_route=\/wp\/v2\/pages\/7\/revisions"}],"predecessor-version":[{"id":257,"href":"https:\/\/www.alddr.ch\/site-alddr\/index.php?rest_route=\/wp\/v2\/pages\/7\/revisions\/257"}],"wp:attachment":[{"href":"https:\/\/www.alddr.ch\/site-alddr\/index.php?rest_route=%2Fwp%2Fv2%2Fmedia&parent=7"}],"curies":[{"name":"wp","href":"https:\/\/api.w.org\/{rel}","templated":true}]}}