{"id":40,"date":"2020-09-15T21:37:34","date_gmt":"2020-09-15T21:37:34","guid":{"rendered":"https:\/\/www.alddr.ch\/site-alddr\/?page_id=40"},"modified":"2022-10-11T09:32:27","modified_gmt":"2022-10-11T09:32:27","slug":"adhesion","status":"publish","type":"page","link":"https:\/\/www.alddr.ch\/site-alddr\/?page_id=40","title":{"rendered":"Adh\u00e9sion &#038; Cotisation"},"content":{"rendered":"<p>Toute personne int\u00e9ress\u00e9e peut devenir membre de l\u2019ALDDR.<br \/>\nLes membres de l\u2019association paient une cotisation annuelle, fix\u00e9e par l\u2019assembl\u00e9e g\u00e9n\u00e9rale.<br \/>\nCotisation (d\u00e8s 2014) 30.- CHF par ann\u00e9e (10.- CHF, jusqu&rsquo;\u00e0 25 ans)<br \/>\nMerci de votre soutien et de verser votre contribution au : CCP 20-5649-3<br \/>\nUn bulletin de versement QR peut \u00eatre <a href=\"https:\/\/www.archeofacts.ch\/alddr\/ALDDR-Facture-QR.pdf\" target=\"_blank\" rel=\"noopener noreferrer\">t\u00e9l\u00e9charg\u00e9 ici<\/a>.<br \/>\nVous pouvez nous faire parvenir votre demande d&rsquo;adh\u00e9sion par le formulaire d&rsquo;inscription en ligne ou par courrier postal \u00e0 l&rsquo;adresse suivante :<\/p>\n<p style=\"text-align: justify;\"><span style=\"color: #0000ff;\">ALDDR<\/span><br \/>\n<span style=\"color: #0000ff;\"> p.a.<\/span><br \/>\n<span style=\"color: #0000ff;\"> Lyc\u00e9e Denis-de-Rougemont<\/span><br \/>\n<span style=\"color: #0000ff;\"> Rue Breguet 3<\/span><br \/>\n<span style=\"color: #0000ff;\"> 2001 Neuch\u00e2tel<\/span><br \/>\n<a href=\"https:\/\/docs.google.com\/forms\/d\/e\/1FAIpQLSftUkuxyCRWOSqdKKma8XUAZiQW1kIFyOuWkcRm35rojiYXlA\/viewform\" target=\"_blank\" rel=\"noopener noreferrer\">Inscription en ligne<\/a><\/p>\n<p>&nbsp;<\/p>\n","protected":false},"excerpt":{"rendered":"<p>Toute personne int\u00e9ress\u00e9e peut devenir membre de l\u2019ALDDR. Les membres de l\u2019association paient une cotisation annuelle, fix\u00e9e par l\u2019assembl\u00e9e g\u00e9n\u00e9rale. Cotisation (d\u00e8s 2014) 30.- CHF par ann\u00e9e (10.- CHF, jusqu&rsquo;\u00e0 25 ans) Merci de votre soutien et de verser votre contribution au : CCP 20-5649-3 Un bulletin de versement QR peut \u00eatre t\u00e9l\u00e9charg\u00e9 ici. Vous [&hellip;]<\/p>\n","protected":false},"author":1,"featured_media":0,"parent":0,"menu_order":7,"comment_status":"closed","ping_status":"closed","template":"","meta":{"footnotes":""},"class_list":["post-40","page","type-page","status-publish","hentry"],"_links":{"self":[{"href":"https:\/\/www.alddr.ch\/site-alddr\/index.php?rest_route=\/wp\/v2\/pages\/40","targetHints":{"allow":["GET"]}}],"collection":[{"href":"https:\/\/www.alddr.ch\/site-alddr\/index.php?rest_route=\/wp\/v2\/pages"}],"about":[{"href":"https:\/\/www.alddr.ch\/site-alddr\/index.php?rest_route=\/wp\/v2\/types\/page"}],"author":[{"embeddable":true,"href":"https:\/\/www.alddr.ch\/site-alddr\/index.php?rest_route=\/wp\/v2\/users\/1"}],"replies":[{"embeddable":true,"href":"https:\/\/www.alddr.ch\/site-alddr\/index.php?rest_route=%2Fwp%2Fv2%2Fcomments&post=40"}],"version-history":[{"count":5,"href":"https:\/\/www.alddr.ch\/site-alddr\/index.php?rest_route=\/wp\/v2\/pages\/40\/revisions"}],"predecessor-version":[{"id":211,"href":"https:\/\/www.alddr.ch\/site-alddr\/index.php?rest_route=\/wp\/v2\/pages\/40\/revisions\/211"}],"wp:attachment":[{"href":"https:\/\/www.alddr.ch\/site-alddr\/index.php?rest_route=%2Fwp%2Fv2%2Fmedia&parent=40"}],"curies":[{"name":"wp","href":"https:\/\/api.w.org\/{rel}","templated":true}]}}