{"id":3,"date":"2020-09-15T20:34:16","date_gmt":"2020-09-15T20:34:16","guid":{"rendered":"https:\/\/www.alddr.ch\/site-alddr\/?page_id=3"},"modified":"2025-06-22T12:00:43","modified_gmt":"2025-06-22T12:00:43","slug":"privacy-policy","status":"publish","type":"page","link":"https:\/\/www.alddr.ch\/site-alddr\/?page_id=3","title":{"rendered":"Activit\u00e9s"},"content":{"rendered":"<p>Conform\u00e9ment \u00e0 ses statuts, l\u2019ALDDR cible ses activit\u00e9s sur des actions, continues ou ponctuelles, visant \u00e0 encourager chez les \u00e9l\u00e8ves l\u2019esprit de recherche, de l\u2019effort personnel et le d\u00e9veloppement de leurs talents. Elle favorise les actions culturelles, artistiques et sportives ; elle se veut \u00eatre un lieu d\u2019\u00e9change entre \u00e9l\u00e8ves actuels et anciens et entre toutes personnes ayant \u00e0 c\u0153ur le maintien et le d\u00e9veloppement de la qualit\u00e9 du Lyc\u00e9e (professeurs anciens ou en charge, parents notamment). Elle conduit toutes ses activit\u00e9s en \u00e9troite collaboration avec la direction du Lyc\u00e9e.<br \/>\nListe (non exhaustive) des activit\u00e9s men\u00e9es au cours des derni\u00e8res ann\u00e9es :<br \/>\nActions continues<br \/>\n\u2022 l\u2019ALDDR \u00e9dite chaque ann\u00e9e un bulletin \u00ab Le Courrier des anciens \u00bb, qui informe ses membres sur ses activit\u00e9s et sur certains \u00e9v\u00e9nements de la vie du Lyc\u00e9e susceptibles d\u2019int\u00e9resser les anciens et les amis. Depuis quelques ann\u00e9es, elle publie par ce canal la meilleure r\u00e9daction du bac de fran\u00e7ais faisant l\u2019objet d\u2019un prix de l\u2019ALDDR.<br \/>\n\u2022 De 1988 \u00e0 2005, la Fondation a organis\u00e9 les \u00ab Puces du livre \u00bb, qui ont rapport\u00e9 plus de 100.000 frs Apr\u00e8s une p\u00e9riode flamboyante, cette op\u00e9ration a d\u00fb \u00eatre abandonn\u00e9e pour des contraintes techniques et en raison de l\u2019accentuation de la concurrence entre le livre et les nouveaux m\u00e9dias.<br \/>\n\u2022 Chaque ann\u00e9e, lors de la c\u00e9r\u00e9monie de cl\u00f4ture, l\u2019ALDDR offre plusieurs prix aux \u00e9l\u00e8ves les plus m\u00e9ritants.<br \/>\n\u2022 Don d\u2019une sculpture de Patrick Honegger, Traces, install\u00e9e devant le b\u00e2timent de la Rue Breguet et offerte au Lyc\u00e9e \u00e0 l\u2019occasion du 50e anniversaire de l\u2019AAEG.<\/p>\n<p><img loading=\"lazy\" decoding=\"async\" class=\"size-medium wp-image-76 aligncenter\" src=\"https:\/\/www.alddr.ch\/site-alddr\/wp-content\/uploads\/2020\/09\/2012-2-0451-201x300.jpg\" alt=\"\" width=\"201\" height=\"300\" srcset=\"https:\/\/www.alddr.ch\/site-alddr\/wp-content\/uploads\/2020\/09\/2012-2-0451-201x300.jpg 201w, https:\/\/www.alddr.ch\/site-alddr\/wp-content\/uploads\/2020\/09\/2012-2-0451-685x1024.jpg 685w, https:\/\/www.alddr.ch\/site-alddr\/wp-content\/uploads\/2020\/09\/2012-2-0451-768x1147.jpg 768w, https:\/\/www.alddr.ch\/site-alddr\/wp-content\/uploads\/2020\/09\/2012-2-0451-1028x1536.jpg 1028w, https:\/\/www.alddr.ch\/site-alddr\/wp-content\/uploads\/2020\/09\/2012-2-0451-1371x2048.jpg 1371w, https:\/\/www.alddr.ch\/site-alddr\/wp-content\/uploads\/2020\/09\/2012-2-0451-scaled.jpg 1714w\" sizes=\"auto, (max-width: 201px) 100vw, 201px\" \/><\/p>\n<p>\u2022 Pendant plusieurs ann\u00e9es, l\u2019ALDDR, par sa Fondation, a soutenu financi\u00e8rement la participation du Lyc\u00e9e \u00e0 la \u00ab Vogalonga \u00bb de Venise.<br \/>\n\u2022 L\u2019ALDDR se pr\u00e9occupe du recrutement aupr\u00e8s des dipl\u00f4m\u00e9s de chaque vol\u00e9e ; une proc\u00e9dure b\u00e9n\u00e9ficiant des nouveaux moyens informatiques a \u00e9t\u00e9 mise en place.<br \/>\n\u2022 L\u2019ALDDR a d\u00e9cid\u00e9 d\u2019inviter \u00e0 intervalle r\u00e9gulier des personnalit\u00e9s embl\u00e9matiques et de grande renomm\u00e9e du monde politique, scientifique, culturel ou artistique, pour des conf\u00e9rences et d\u00e9bats avec les \u00e9l\u00e8ves. Dans ce contexte, elle a d\u00e9j\u00e0 re\u00e7u le S\u00e9nateur Dick Marty (2012), le Pr\u00e9sident du Conseil suisse de la science, le professeur Martin Vetterli, par ailleurs ancien du Gymnase cantonal (2013), le professeur d&rsquo;\u00e9thique Fran\u00e7ois Dermange de l&rsquo;Universit\u00e9 de Gen\u00e8ve (2014), Etienne Blanc, maire de Divonne et d\u00e9put\u00e9 \u00e0 l\u2019Assembl\u00e9e Nationale fran\u00e7aise (2015), Denis Duboule, g\u00e9n\u00e9ticien \u00e0 l&rsquo;Universit\u00e9 de Gen\u00e8ve et \u00e0 l&rsquo;EPFL (2016), Michel Jaccard, avocat sp\u00e9cialis\u00e9 en nouvelles technologies (2017), le professeur Fabrice Cl\u00e9ment,\u00a0 sp\u00e9cialiste du comportement de l\u2019Universit\u00e9 de Neuch\u00e2tel (2018), le pasteur Serge Molla (2019) et Pascal Vandenberghe, directeur de Payot (2022).<br \/>\n\u2022 Pendant de nombreuses ann\u00e9es, un soutien financier a \u00e9t\u00e9 accord\u00e9 aux fameux \u00ab Concerts des gymnasiens \u00bb.<br \/>\n\u2022 Depuis 2018, une subvention est vers\u00e9e en faveur de la publication du Livre d\u2019Or du Lyc\u00e9e.<br \/>\n\u2022 Pour remplacer l\u2019importante source de revenus que repr\u00e9sentaient les \u00ab Puces du livre \u00bb, la Fondation de l\u2019ALDDR m\u00e8ne une \u00ab Action vin \u00bb en partenariat avec la Maison Carr\u00e9e \u00e0 Auvernier. Le b\u00e9n\u00e9fice int\u00e9gral de cette vente est vers\u00e9 \u00e0 la Fondation. Les bouteilles (blanc , \u0153il-de-perdix , rouge) sont munies d\u2019une \u00e9tiquette originale r\u00e9alis\u00e9e par l\u2019artiste Vincent North.<br \/>\nLe bulletin de commande peut \u00eatre <a href=\"https:\/\/www.archeofacts.ch\/alddr\/2025_ALDDR_ACTION_VIN.pdf\" target=\"_blank\" rel=\"noopener noreferrer\">t\u00e9l\u00e9charg\u00e9 ici<\/a>.<\/p>\n<p><img loading=\"lazy\" decoding=\"async\" class=\"alignnone size-medium wp-image-78\" src=\"https:\/\/www.alddr.ch\/site-alddr\/wp-content\/uploads\/2020\/09\/etiquette-alddr-blanc-250x300.jpg\" alt=\"\" width=\"250\" height=\"300\" srcset=\"https:\/\/www.alddr.ch\/site-alddr\/wp-content\/uploads\/2020\/09\/etiquette-alddr-blanc-250x300.jpg 250w, https:\/\/www.alddr.ch\/site-alddr\/wp-content\/uploads\/2020\/09\/etiquette-alddr-blanc-853x1024.jpg 853w, https:\/\/www.alddr.ch\/site-alddr\/wp-content\/uploads\/2020\/09\/etiquette-alddr-blanc-768x921.jpg 768w, https:\/\/www.alddr.ch\/site-alddr\/wp-content\/uploads\/2020\/09\/etiquette-alddr-blanc.jpg 886w\" sizes=\"auto, (max-width: 250px) 100vw, 250px\" \/><img loading=\"lazy\" decoding=\"async\" class=\"size-medium wp-image-79 alignright\" src=\"https:\/\/www.alddr.ch\/site-alddr\/wp-content\/uploads\/2020\/09\/etiquette-alddr-rouge-250x300.jpg\" alt=\"\" width=\"250\" height=\"300\" srcset=\"https:\/\/www.alddr.ch\/site-alddr\/wp-content\/uploads\/2020\/09\/etiquette-alddr-rouge-250x300.jpg 250w, https:\/\/www.alddr.ch\/site-alddr\/wp-content\/uploads\/2020\/09\/etiquette-alddr-rouge.jpg 738w\" sizes=\"auto, (max-width: 250px) 100vw, 250px\" \/><\/p>\n<p>Actions ponctuelles<br \/>\nPlusieurs soutiens financiers, sur proposition de la direction du Lyc\u00e9e, ont \u00e9t\u00e9 accord\u00e9s dans des circonstances particuli\u00e8res.<br \/>\nPar exemple :<br \/>\n\u2022 \u00e0 l\u2019initiative, prise par des \u00e9l\u00e8ves du Lyc\u00e9e, d\u2019organiser une soir\u00e9e d\u2019entraide en faveur des sinistr\u00e9s d\u2019Ha\u00efti, avec la participation b\u00e9n\u00e9vole de l\u2019humoriste Karim Slama.<br \/>\n\u2022 \u00e0 une \u00e9l\u00e8ve du Lyc\u00e9e pour un voyage \u00e0 Rome dans le cadre de l\u2019Academia Latina.<br \/>\n\u2022 \u00e0 l\u2019ONG \u00ab Hope \u00bb pour l\u2019acheminement d\u2019une partie des stocks des \u00ab Puces du livre \u00bb \u00e0 Madagascar.<br \/>\n\u2022 \u00e0 un voyage d\u2019\u00e9tudes \u00e0 Cambridge pour des \u00e9l\u00e8ves des classes bilingues anglais.<br \/>\n\u2022 \u00e0 une \u00e9ventuelle couverture de d\u00e9ficit pour l\u2019\u00e9dition d\u2019un recueil de po\u00e8mes et de travaux artistiques produits par des \u00e9l\u00e8ves sous le titre \u00ab Griffures de lumi\u00e8re \u00bb.<\/p>\n","protected":false},"excerpt":{"rendered":"<p>Conform\u00e9ment \u00e0 ses statuts, l\u2019ALDDR cible ses activit\u00e9s sur des actions, continues ou ponctuelles, visant \u00e0 encourager chez les \u00e9l\u00e8ves l\u2019esprit de recherche, de l\u2019effort personnel et le d\u00e9veloppement de leurs talents. Elle favorise les actions culturelles, artistiques et sportives ; elle se veut \u00eatre un lieu d\u2019\u00e9change entre \u00e9l\u00e8ves actuels et anciens et entre [&hellip;]<\/p>\n","protected":false},"author":1,"featured_media":0,"parent":0,"menu_order":2,"comment_status":"closed","ping_status":"open","template":"","meta":{"footnotes":""},"class_list":["post-3","page","type-page","status-publish","hentry"],"_links":{"self":[{"href":"https:\/\/www.alddr.ch\/site-alddr\/index.php?rest_route=\/wp\/v2\/pages\/3","targetHints":{"allow":["GET"]}}],"collection":[{"href":"https:\/\/www.alddr.ch\/site-alddr\/index.php?rest_route=\/wp\/v2\/pages"}],"about":[{"href":"https:\/\/www.alddr.ch\/site-alddr\/index.php?rest_route=\/wp\/v2\/types\/page"}],"author":[{"embeddable":true,"href":"https:\/\/www.alddr.ch\/site-alddr\/index.php?rest_route=\/wp\/v2\/users\/1"}],"replies":[{"embeddable":true,"href":"https:\/\/www.alddr.ch\/site-alddr\/index.php?rest_route=%2Fwp%2Fv2%2Fcomments&post=3"}],"version-history":[{"count":14,"href":"https:\/\/www.alddr.ch\/site-alddr\/index.php?rest_route=\/wp\/v2\/pages\/3\/revisions"}],"predecessor-version":[{"id":255,"href":"https:\/\/www.alddr.ch\/site-alddr\/index.php?rest_route=\/wp\/v2\/pages\/3\/revisions\/255"}],"wp:attachment":[{"href":"https:\/\/www.alddr.ch\/site-alddr\/index.php?rest_route=%2Fwp%2Fv2%2Fmedia&parent=3"}],"curies":[{"name":"wp","href":"https:\/\/api.w.org\/{rel}","templated":true}]}}